{"id":1390,"date":"2023-08-26T03:33:29","date_gmt":"2023-08-26T01:33:29","guid":{"rendered":"https:\/\/senpetrole.com\/?page_id=1390"},"modified":"2023-11-21T10:36:36","modified_gmt":"2023-11-21T09:36:36","slug":"emplois","status":"publish","type":"page","link":"https:\/\/senpetrole.com\/index.php\/emplois\/","title":{"rendered":"EMPLOIS"},"content":{"rendered":"\t\t<div data-elementor-type=\"wp-page\" data-elementor-id=\"1390\" class=\"elementor elementor-1390\" data-elementor-post-type=\"page\">\n\t\t\t\t\t\t<section class=\"elementor-section elementor-top-section elementor-element elementor-element-c437560 elementor-section-boxed elementor-section-height-default elementor-section-height-default exad-glass-effect-no wpr-particle-no wpr-jarallax-no wpr-parallax-no wpr-sticky-section-no wpr-equal-height-no exad-sticky-section-no\" data-id=\"c437560\" data-element_type=\"section\" data-e-type=\"section\" data-settings=\"{&quot;background_background&quot;:&quot;gradient&quot;}\">\n\t\t\t\t\t\t<div class=\"elementor-container elementor-column-gap-default\">\n\t\t\t\t\t<div class=\"elementor-column elementor-col-50 elementor-top-column elementor-element elementor-element-09ebbc6 exad-glass-effect-no exad-sticky-section-no\" data-id=\"09ebbc6\" data-element_type=\"column\" data-e-type=\"column\" data-settings=\"{&quot;background_background&quot;:&quot;gradient&quot;}\">\n\t\t\t<div class=\"elementor-widget-wrap elementor-element-populated\">\n\t\t\t\t\t\t<div class=\"elementor-element elementor-element-89ca6a8 elementor-widget__width-initial elementor-widget-mobile__width-inherit elementor-widget-widescreen__width-initial exad-sticky-section-no exad-glass-effect-no elementor-invisible elementor-widget elementor-widget-heading\" data-id=\"89ca6a8\" data-element_type=\"widget\" data-e-type=\"widget\" data-settings=\"{&quot;_animation&quot;:&quot;fadeInUp&quot;}\" data-widget_type=\"heading.default\">\n\t\t\t\t<div class=\"elementor-widget-container\">\n\t\t\t\t\t<h2 class=\"elementor-heading-title elementor-size-default\">Ne ratez plus une opportunit\u00e9<\/h2>\t\t\t\t<\/div>\n\t\t\t\t<\/div>\n\t\t\t\t<div class=\"elementor-element elementor-element-a1e48ff elementor-widget__width-initial elementor-widget-mobile__width-inherit exad-sticky-section-no exad-glass-effect-no elementor-invisible elementor-widget elementor-widget-heading\" data-id=\"a1e48ff\" data-element_type=\"widget\" data-e-type=\"widget\" data-settings=\"{&quot;_animation&quot;:&quot;fadeInUp&quot;}\" data-widget_type=\"heading.default\">\n\t\t\t\t<div class=\"elementor-widget-container\">\n\t\t\t\t\t<h5 class=\"elementor-heading-title elementor-size-default\">Ajouter votre CV \u00e0 notre base de donn\u00e9es et soyez avertis des offres qui vous correspondent<\/h5>\t\t\t\t<\/div>\n\t\t\t\t<\/div>\n\t\t\t\t<div class=\"elementor-element elementor-element-6ea67bd elementor-align-right elementor-widget__width-initial elementor-mobile-align-center elementor-widget-mobile__width-inherit exad-sticky-section-no exad-glass-effect-no elementor-invisible elementor-widget elementor-widget-button\" data-id=\"6ea67bd\" data-element_type=\"widget\" data-e-type=\"widget\" data-settings=\"{&quot;_animation&quot;:&quot;fadeInUp&quot;,&quot;_animation_delay&quot;:250}\" data-widget_type=\"button.default\">\n\t\t\t\t<div class=\"elementor-widget-container\">\n\t\t\t\t\t\t\t\t\t<div class=\"elementor-button-wrapper\">\n\t\t\t\t\t<a class=\"elementor-button elementor-button-link elementor-size-sm\" href=\"https:\/\/senpetrole.com\/index.php\/registration\/\">\n\t\t\t\t\t\t<span class=\"elementor-button-content-wrapper\">\n\t\t\t\t\t\t\t\t\t<span class=\"elementor-button-text\">S'inscrire<\/span>\n\t\t\t\t\t<\/span>\n\t\t\t\t\t<\/a>\n\t\t\t\t<\/div>\n\t\t\t\t\t\t\t\t<\/div>\n\t\t\t\t<\/div>\n\t\t\t\t\t<\/div>\n\t\t<\/div>\n\t\t\t\t<div class=\"elementor-column elementor-col-50 elementor-top-column elementor-element elementor-element-e7bebbf exad-glass-effect-no exad-sticky-section-no\" data-id=\"e7bebbf\" data-element_type=\"column\" data-e-type=\"column\">\n\t\t\t<div class=\"elementor-widget-wrap elementor-element-populated\">\n\t\t\t\t\t\t<div class=\"elementor-element elementor-element-adc0a1f elementor-widget-widescreen__width-initial exad-sticky-section-no exad-glass-effect-no elementor-widget elementor-widget-image\" data-id=\"adc0a1f\" data-element_type=\"widget\" data-e-type=\"widget\" data-widget_type=\"image.default\">\n\t\t\t\t<div class=\"elementor-widget-container\">\n\t\t\t\t\t\t\t\t\t\t\t\t\t\t\t<img decoding=\"async\" src=\"https:\/\/senpetrole.com\/wp-content\/uploads\/2023\/11\/savisport-2.png\" title=\"savisport (2)\" alt=\"savisport (2)\" loading=\"lazy\" \/>\t\t\t\t\t\t\t\t\t\t\t\t\t\t\t<\/div>\n\t\t\t\t<\/div>\n\t\t\t\t\t<\/div>\n\t\t<\/div>\n\t\t\t\t\t<\/div>\n\t\t<\/section>\n\t\t\t\t<section class=\"elementor-section elementor-top-section elementor-element elementor-element-747d8a6 elementor-section-boxed elementor-section-height-default elementor-section-height-default exad-glass-effect-no wpr-particle-no wpr-jarallax-no wpr-parallax-no wpr-sticky-section-no wpr-equal-height-no exad-sticky-section-no\" data-id=\"747d8a6\" data-element_type=\"section\" data-e-type=\"section\">\n\t\t\t\t\t\t<div class=\"elementor-container elementor-column-gap-no\">\n\t\t\t\t\t<div class=\"elementor-column elementor-col-100 elementor-top-column elementor-element elementor-element-7ca6c43 exad-glass-effect-no exad-sticky-section-no\" data-id=\"7ca6c43\" data-element_type=\"column\" data-e-type=\"column\">\n\t\t\t<div class=\"elementor-widget-wrap elementor-element-populated\">\n\t\t\t\t\t\t<div class=\"elementor-element elementor-element-0259a35 exad-sticky-section-no exad-glass-effect-no elementor-widget elementor-widget-heading\" data-id=\"0259a35\" data-element_type=\"widget\" data-e-type=\"widget\" data-widget_type=\"heading.default\">\n\t\t\t\t<div class=\"elementor-widget-container\">\n\t\t\t\t\t<h2 class=\"elementor-heading-title elementor-size-default\">D\u00e9couvrez les offres r\u00e9centes<\/h2>\t\t\t\t<\/div>\n\t\t\t\t<\/div>\n\t\t\t\t<div class=\"elementor-element elementor-element-88e0783 exad-sticky-section-no exad-glass-effect-no elementor-widget elementor-widget-shortcode\" data-id=\"88e0783\" data-element_type=\"widget\" data-e-type=\"widget\" data-widget_type=\"shortcode.default\">\n\t\t\t\t<div class=\"elementor-widget-container\">\n\t\t\t\t\t\t\t<div class=\"elementor-shortcode\"><!-- wrap everything for our isolated bootstrap -->\r\n<div class=\"bootstrap-wrapper\">\r\n\t<!-- archieve page own design font and others -->\r\n\t<section class=\" py-5\">\r\n\t\t<div class=\"container-fluid \"  >\t\t\r\n\t\t\t<div class=\"row\" id=\"full_grid\"> \t\t\t\t\r\n\t\t\t\t<div class=\"col-md-12 col-lg-12 col-xl-12 col-sm-12  \" id=\"dirpro_directories\" >\t\r\n\t\t\t\t\t<div class=\"clearfix\"><\/div>\r\n\t\t\t\t\t<div class=\"row justify-content-center\" >\r\n\t\t\t\t\t\t<div class=\"col-xl-4 col-lg-4 col-md-6  col-sm-12 col-12  mt-4 mb-4 listingdata-col \" id=\"0\" >\r\n\t\t<div class=\" card-border-round mb-2 bg-white\" >\t\t\t\t\t\t\t\t\t\t\t\r\n\t\t\t\t\t\t\t<div class=\"card-img-container\">\r\n\t\t\t\t\t<a href=\"https:\/\/senpetrole.com\/index.php\/job\/ingenieur-maintenance-3\/\"><img decoding=\"async\" src=\"https:\/\/senpetrole.com\/wp-content\/uploads\/2018\/07\/telechargement.png\" class=\"card-img-top-listing\">\t\t\t\t\t\r\n\t\t\t\t\t\t<\/a>\r\n\t\t\t\t\t\t\t\t\t\t\t\t\t\t\t\t\t\t\t\t\t\t\t\t\t\r\n\t\t\t\t\t\t\t\t<label class=\"btn-urgent-left btn-add-favourites jobbookmark\" id=\"jobbookmark1959\">Save<\/label>\r\n\t\t\t\t\t\t\t\t\t\t\t\t<\/div>\t\r\n\t\t\t\t\t\t\t<div class=\"card-body  card-body-min-height mt-1\">\r\n\t\t\t\t\r\n\t\t\t\t\t\t\t\t\t\t\t\t<p class=\" p-0 \">\r\n\t\t\t\t\t\t\t\t\t<a href=\"https:\/\/senpetrole.com\/index.php\/job\/ingenieur-maintenance-3\/\" class=\"title m-0 p-0\">\r\n\t\t\t\t\t\t\t\t\t\tIng\u00e9nieur maintenance\t\t\t\t\t\t\t\t\t<\/a>\r\n\t\t\t\t\t\t\t\t<\/p>\t\t\t\t\t\t\t\t\t\t\t\t\t\r\n\t\t\t\t\t\t\t\t\t\t\t\t\t\t\t\t\t<p class=\" address\">\r\n\t\t\t\t\t\t\t\t\t\t<i class=\"\"><\/i>28 Aug, 2023\t\t\t\t\t\t\t\t\t<\/p>\r\n\t\t\t\t\t\t\t\t\t\t\t\t\t\t\t\t\t\t<p class=\" address \">\r\n\t\t\t\t\t\t\t\t\t\t<i class=\"\"><\/i>Full Time\t\t\t\t\t\t\t\t\t<\/p>\r\n\t\t\t\t\t\t\t\t\t\t\t\t\t\t\t\t\t<p class=\"client-contact\">\t\t\t\t\t\t\t\t\t\r\n\t\t\t\t\t\t\t\t\t\t\t\t<button type=\"button\" class=\"btn btn-small-ar mt-1\" onclick=\"jobbank_call_popup('1959')\"><i class=\"\"><\/i>Contact<\/button>\r\n\t\t\t\t\t\t\t\t\t\t\t\t\t<button type=\"button\" class=\" btn btn-small-ar  mt-1\" onclick=\"jobbank_apply_popup('1959')\"><i class=\"\"><\/i>Apply<\/button>\r\n\t\t\t\t\t\t\t\t\t\t<\/p>\r\n\t\t\t<\/div>\r\n\t\t\t\t\t\r\n\t\t<\/div>\r\n\t<\/div>\r\n\t<div class=\"col-xl-4 col-lg-4 col-md-6  col-sm-12 col-12  mt-4 mb-4 listingdata-col \" id=\"1\" >\r\n\t\t<div class=\" card-border-round mb-2 bg-white\" >\t\t\t\t\t\t\t\t\t\t\t\r\n\t\t\t\t\t\t\t<div class=\"card-img-container\">\r\n\t\t\t\t\t<a href=\"https:\/\/senpetrole.com\/index.php\/job\/ingenieur-maintenance-2\/\"><img decoding=\"async\" src=\"https:\/\/senpetrole.com\/wp-content\/uploads\/2018\/07\/telechargement.png\" class=\"card-img-top-listing\">\t\t\t\t\t\r\n\t\t\t\t\t\t<\/a>\r\n\t\t\t\t\t\t\t\t\t\t\t\t\t\t\t\t\t\t\t\t\t\t\t\t\t\r\n\t\t\t\t\t\t\t\t<label class=\"btn-urgent-left btn-add-favourites jobbookmark\" id=\"jobbookmark1833\">Save<\/label>\r\n\t\t\t\t\t\t\t\t\t\t\t\t<\/div>\t\r\n\t\t\t\t\t\t\t<div class=\"card-body  card-body-min-height mt-1\">\r\n\t\t\t\t\r\n\t\t\t\t\t\t\t\t\t\t\t\t<p class=\" p-0 \">\r\n\t\t\t\t\t\t\t\t\t<a href=\"https:\/\/senpetrole.com\/index.php\/job\/ingenieur-maintenance-2\/\" class=\"title m-0 p-0\">\r\n\t\t\t\t\t\t\t\t\t\tIng\u00e9nieur maintenance\t\t\t\t\t\t\t\t\t<\/a>\r\n\t\t\t\t\t\t\t\t<\/p>\t\t\t\t\t\t\t\t\t\t\t\t\t\r\n\t\t\t\t\t\t\t\t\t\t\t\t\t\t\t\t\t<p class=\" address\">\r\n\t\t\t\t\t\t\t\t\t\t<i class=\"\"><\/i>28 Aug, 2023\t\t\t\t\t\t\t\t\t<\/p>\r\n\t\t\t\t\t\t\t\t\t\t\t\t\t\t\t\t\t\t<p class=\" address \">\r\n\t\t\t\t\t\t\t\t\t\t<i class=\"\"><\/i>Full Time\t\t\t\t\t\t\t\t\t<\/p>\r\n\t\t\t\t\t\t\t\t\t\t\t\t\t\t\t\t\t<p class=\"client-contact\">\t\t\t\t\t\t\t\t\t\r\n\t\t\t\t\t\t\t\t\t\t\t\t<button type=\"button\" class=\"btn btn-small-ar mt-1\" onclick=\"jobbank_call_popup('1833')\"><i class=\"\"><\/i>Contact<\/button>\r\n\t\t\t\t\t\t\t\t\t\t\t\t\t<button type=\"button\" class=\" btn btn-small-ar  mt-1\" onclick=\"jobbank_apply_popup('1833')\"><i class=\"\"><\/i>Apply<\/button>\r\n\t\t\t\t\t\t\t\t\t\t<\/p>\r\n\t\t\t<\/div>\r\n\t\t\t\t\t\r\n\t\t<\/div>\r\n\t<\/div>\r\n\t<div class=\"col-xl-4 col-lg-4 col-md-6  col-sm-12 col-12  mt-4 mb-4 listingdata-col \" id=\"2\" >\r\n\t\t<div class=\" card-border-round mb-2 bg-white\" >\t\t\t\t\t\t\t\t\t\t\t\r\n\t\t\t\t\t\t\t<div class=\"card-img-container\">\r\n\t\t\t\t\t<a href=\"https:\/\/senpetrole.com\/index.php\/job\/ingenieur-maintenance\/\"><img decoding=\"async\" src=\"https:\/\/senpetrole.com\/wp-content\/uploads\/2018\/07\/telechargement.png\" class=\"card-img-top-listing\">\t\t\t\t\t\r\n\t\t\t\t\t\t<\/a>\r\n\t\t\t\t\t\t\t\t\t\t\t\t\t\t\t\t\t\t\t\t\t\t\t\t\t\r\n\t\t\t\t\t\t\t\t<label class=\"btn-urgent-left btn-add-favourites jobbookmark\" id=\"jobbookmark1834\">Save<\/label>\r\n\t\t\t\t\t\t\t\t\t\t\t\t<\/div>\t\r\n\t\t\t\t\t\t\t<div class=\"card-body  card-body-min-height mt-1\">\r\n\t\t\t\t\r\n\t\t\t\t\t\t\t\t\t\t\t\t<p class=\" p-0 \">\r\n\t\t\t\t\t\t\t\t\t<a href=\"https:\/\/senpetrole.com\/index.php\/job\/ingenieur-maintenance\/\" class=\"title m-0 p-0\">\r\n\t\t\t\t\t\t\t\t\t\tIng\u00e9nieur maintenance\t\t\t\t\t\t\t\t\t<\/a>\r\n\t\t\t\t\t\t\t\t<\/p>\t\t\t\t\t\t\t\t\t\t\t\t\t\r\n\t\t\t\t\t\t\t\t\t\t\t\t\t\t\t\t\t<p class=\" address\">\r\n\t\t\t\t\t\t\t\t\t\t<i class=\"\"><\/i>28 Aug, 2023\t\t\t\t\t\t\t\t\t<\/p>\r\n\t\t\t\t\t\t\t\t\t\t\t\t\t\t\t\t\t\t<p class=\" address \">\r\n\t\t\t\t\t\t\t\t\t\t<i class=\"\"><\/i>Full Time\t\t\t\t\t\t\t\t\t<\/p>\r\n\t\t\t\t\t\t\t\t\t\t\t\t\t\t\t\t\t<p class=\"client-contact\">\t\t\t\t\t\t\t\t\t\r\n\t\t\t\t\t\t\t\t\t\t\t\t<button type=\"button\" class=\"btn btn-small-ar mt-1\" onclick=\"jobbank_call_popup('1834')\"><i class=\"\"><\/i>Contact<\/button>\r\n\t\t\t\t\t\t\t\t\t\t\t\t\t<button type=\"button\" class=\" btn btn-small-ar  mt-1\" onclick=\"jobbank_apply_popup('1834')\"><i class=\"\"><\/i>Apply<\/button>\r\n\t\t\t\t\t\t\t\t\t\t<\/p>\r\n\t\t\t<\/div>\r\n\t\t\t\t\t\r\n\t\t<\/div>\r\n\t<\/div>\r\n\t\t\t\t\t\t<\/div>\t\r\n\t\t\t\t<\/div>\r\n\t\t\t<\/div>\r\n\t\t<\/div>\r\n\t<\/section>\r\n\t<!-- end of arhiece page -->\r\n<\/div>\r\n<!-- end of bootstrap wrapper -->\r\n\n<\/div>\n\t\t\t\t\t\t<\/div>\n\t\t\t\t<\/div>\n\t\t\t\t<div class=\"elementor-element elementor-element-093e9d7 exad-sticky-section-no exad-glass-effect-no elementor-widget elementor-widget-image\" data-id=\"093e9d7\" data-element_type=\"widget\" data-e-type=\"widget\" data-widget_type=\"image.default\">\n\t\t\t\t<div class=\"elementor-widget-container\">\n\t\t\t\t\t\t\t\t\t\t\t\t\t\t\t<img decoding=\"async\" src=\"https:\/\/senpetrole.com\/wp-content\/uploads\/elementor\/thumbs\/Nouveaute-3-qr5218i61jj56jkqpf793a7pftq02zhnb3vqm43z4u.png\" title=\"Nouveaut\u00e9 (3)\" alt=\"Nouveaut\u00e9 (3)\" loading=\"lazy\" \/>\t\t\t\t\t\t\t\t\t\t\t\t\t\t\t<\/div>\n\t\t\t\t<\/div>\n\t\t\t\t<div class=\"elementor-element elementor-element-07bd06a elementor-hidden-widescreen elementor-hidden-desktop elementor-hidden-tablet elementor-hidden-mobile exad-sticky-section-no exad-glass-effect-no elementor-widget elementor-widget-shortcode\" data-id=\"07bd06a\" data-element_type=\"widget\" data-e-type=\"widget\" data-widget_type=\"shortcode.default\">\n\t\t\t\t<div class=\"elementor-widget-container\">\n\t\t\t\t\t\t\t<div class=\"elementor-shortcode\"><div class=\"job_listings\" data-location=\"\" data-keywords=\"\" data-show_filters=\"true\" data-show_pagination=\"false\" data-per_page=\"10\" data-orderby=\"featured\" data-order=\"DESC\" data-categories=\"\" >\n<form class=\"job_filters\">\n\t\n\t<div class=\"search_jobs\">\n\t\t\n\t\t<div class=\"search_keywords\">\n\t\t\t<label for=\"search_keywords\">Mots-cl\u00e9s<\/label>\n\t\t\t<input type=\"text\" name=\"search_keywords\" id=\"search_keywords\" placeholder=\"Mots-cl\u00e9s\" value=\"\" \/>\n\t\t<\/div>\n\n\t\t<div class=\"search_location\">\n\t\t\t<label for=\"search_location\">Emplacement<\/label>\n\t\t\t<input type=\"text\" name=\"search_location\" id=\"search_location\" placeholder=\"Emplacement\" value=\"\" \/>\n\t\t<\/div>\n\n\t\t\n\t\t\n\t\t\t<\/div>\n\n\t\t<ul class=\"job_types\">\n\t\t\t\t\t<li><label for=\"job_type_a-temps-partiel\" class=\"a-temps-partiel\"><input type=\"checkbox\" name=\"filter_job_type[]\" value=\"a-temps-partiel\"  checked='checked' id=\"job_type_a-temps-partiel\" \/> \u00c0 temps partiel<\/label><\/li>\n\t\t\t\t\t<li><label for=\"job_type_freelance\" class=\"freelance\"><input type=\"checkbox\" name=\"filter_job_type[]\" value=\"freelance\"  checked='checked' id=\"job_type_freelance\" \/> Freelance<\/label><\/li>\n\t\t\t\t\t<li><label for=\"job_type_plein-temps\" class=\"plein-temps\"><input type=\"checkbox\" name=\"filter_job_type[]\" value=\"plein-temps\"  checked='checked' id=\"job_type_plein-temps\" \/> Plein temps<\/label><\/li>\n\t\t\t\t\t<li><label for=\"job_type_stage\" class=\"stage\"><input type=\"checkbox\" name=\"filter_job_type[]\" value=\"stage\"  checked='checked' id=\"job_type_stage\" \/> Stage<\/label><\/li>\n\t\t\t\t\t<li><label for=\"job_type_temporaire\" class=\"temporaire\"><input type=\"checkbox\" name=\"filter_job_type[]\" value=\"temporaire\"  checked='checked' id=\"job_type_temporaire\" \/> Temporaire<\/label><\/li>\n\t\t\t<\/ul>\n\t<input type=\"hidden\" name=\"filter_job_type[]\" value=\"\" \/>\n<div class=\"showing_jobs\"><\/div><\/form>\n\n\n<noscript>Votre navigateur ne supporte pas le JavaScript ou celui-ci est d\u00e9sactiv\u00e9. JavaScript doit \u00eatre activ\u00e9 pour afficher les listes.<\/noscript>\n<ul class=\"job_listings list\"><\/ul>\n<a class=\"load_more_jobs\" href=\"#\" style=\"display:none;\"><strong>Charger plus d&#039;inscriptions<\/strong><\/a><\/div>\n<\/div>\n\t\t\t\t\t\t<\/div>\n\t\t\t\t<\/div>\n\t\t\t\t\t<\/div>\n\t\t<\/div>\n\t\t\t\t\t<\/div>\n\t\t<\/section>\n\t\t\t\t<section class=\"elementor-section elementor-top-section elementor-element elementor-element-03c0755 elementor-hidden-widescreen elementor-hidden-desktop elementor-hidden-tablet elementor-hidden-mobile elementor-section-boxed elementor-section-height-default elementor-section-height-default exad-glass-effect-no wpr-particle-no wpr-jarallax-no wpr-parallax-no wpr-sticky-section-no wpr-equal-height-no exad-sticky-section-no\" data-id=\"03c0755\" data-element_type=\"section\" data-e-type=\"section\">\n\t\t\t\t\t\t<div class=\"elementor-container elementor-column-gap-no\">\n\t\t\t\t\t<div class=\"elementor-column elementor-col-100 elementor-top-column elementor-element elementor-element-bd74942 exad-glass-effect-no exad-sticky-section-no\" data-id=\"bd74942\" data-element_type=\"column\" data-e-type=\"column\">\n\t\t\t<div class=\"elementor-widget-wrap elementor-element-populated\">\n\t\t\t\t\t\t<div class=\"elementor-element elementor-element-2c3b892 exad-sticky-section-no exad-glass-effect-no elementor-widget elementor-widget-jobhunt_elementor_jobhunt_job_list_block\" data-id=\"2c3b892\" data-element_type=\"widget\" data-e-type=\"widget\" data-widget_type=\"jobhunt_elementor_jobhunt_job_list_block.default\">\n\t\t\t\t<div class=\"elementor-widget-container\">\n\t\t\t\t\t    <section class=\"jh-section job-list-section\" >\n        <div class=\"container\">\n            <div class=\"section-header\">\n                                    <h3 class=\"section-title\">D\u00e9couvrez les offres r\u00e9centes<\/h3>\n                                            <\/div>\n            <div class=\"job_listings\" data-location=\"\" data-keywords=\"\" data-show_filters=\"false\" data-show_pagination=\"false\" data-per_page=\"100\" data-orderby=\"featured\" data-order=\"DESC\" data-categories=\"\" data-featured=\"true\" >\n                <div class=\"showing_jobs\">\n            <span>Montrant tous les 4 emplois<\/span>\n        <\/div>                \n                <ul class=\"job_listings list\">\n                                    <li class=\"post-690 job_listing type-job_listing status-publish has-post-thumbnail hentry job_listing_type-plein-temps job_listing_gender-male job-type-plein-temps job_position_featured\" data-longitude=\"\" data-latitude=\"\">\n\t<a href=\"https:\/\/senpetrole.com\/index.php\/job\/administrative-coordinator\/\"><div class=\"job-listing-company-logo\"><img decoding=\"async\" class=\"company_logo\" src=\"https:\/\/senpetrole.com\/wp-content\/uploads\/2023\/08\/Black-White-and-Red-Modern-Fire-and-Gas-Company-Logo-2-150x150.jpg\" alt=\"Via Senjob\" \/><\/div><div class=\"job-details\"><div class=\"job-details-inner\"><h3 class=\"job-listing-loop-job__title\">Inpecteur produits petroliers<\/h3><div class=\"job-listing-company company\">\n            <strong>Via Senjob<\/strong>                     <\/div><div class=\"job-location location\">\n            <i class=\"la la-map-marker\"><\/i>Dakar        <\/div><\/div><!-- \/.job-details-inner --><div class=\"job-listing-meta meta\"><div class=\"job-location location\">\n            <i class=\"la la-map-marker\"><\/i>Dakar        <\/div>                        <ul class=\"job-types\">                        <li class=\"job-type plein-temps\">\n                            Plein temps                        <\/li>\n                    <\/ul><span class=\"job-published-date date\"><time datetime=\"2023-10-18\">3 ans ago<\/time><\/span><\/div><\/div><!-- \/.job-details --><\/a><\/li>                                    <li class=\"post-703 job_listing type-job_listing status-expired has-post-thumbnail hentry job_listing_category-ingenieur job_listing_type-plein-temps job-type-plein-temps job_position_filled job_position_featured\" data-longitude=\"\" data-latitude=\"\">\n\t<a href=\"https:\/\/senpetrole.com\/?post_type=job_listing&#038;p=703\"><div class=\"job-listing-company-logo\"><img decoding=\"async\" class=\"company_logo\" src=\"https:\/\/senpetrole.com\/wp-content\/uploads\/2018\/09\/Logo-TotalEnergies-2021-1-150x150.jpeg\" alt=\"Total\" \/><\/div><div class=\"job-details\"><div class=\"job-details-inner\"><h3 class=\"job-listing-loop-job__title\">Ing\u00e9nieur en installations p\u00e9troli\u00e8res<\/h3><div class=\"job-listing-company company\">\n            <strong>Total<\/strong>                     <\/div><div class=\"job-location location\">\n            <i class=\"la la-map-marker\"><\/i>Dakar        <\/div><\/div><!-- \/.job-details-inner --><div class=\"job-listing-meta meta\"><div class=\"job-location location\">\n            <i class=\"la la-map-marker\"><\/i>Dakar        <\/div>                        <ul class=\"job-types\">                        <li class=\"job-type plein-temps\">\n                            Plein temps                        <\/li>\n                    <\/ul><span class=\"job-published-date date\"><time datetime=\"2023-08-18\">3 ans ago<\/time><\/span><\/div><\/div><!-- \/.job-details --><\/a><\/li>                                    <li class=\"post-689 job_listing type-job_listing status-expired has-post-thumbnail hentry job_listing_category-information-technology job_listing_type-plein-temps job_listing_experience-5-6-years job_listing_gender-female job_listing_gender-male job_listing_industry-information-technology job_listing_qualification-master-degree job-type-plein-temps job_position_featured\" data-longitude=\"\" data-latitude=\"\">\n\t<a href=\"https:\/\/senpetrole.com\/?post_type=job_listing&#038;p=689\"><div class=\"job-listing-company-logo\"><img decoding=\"async\" class=\"company_logo\" src=\"https:\/\/senpetrole.com\/wp-content\/uploads\/2018\/07\/telechargement-150x150.png\" alt=\"PETROSEN\" \/><\/div><div class=\"job-details\"><div class=\"job-details-inner\"><h3 class=\"job-listing-loop-job__title\">G\u00c9OPHYSICIEN DE L&#8217;INDUSTRIE DU P\u00c9TROLE<\/h3><div class=\"job-listing-company company\">\n            <strong>PETROSEN<\/strong>                     <\/div><div class=\"job-location location\">\n            <i class=\"la la-map-marker\"><\/i>DAKAR        <\/div><\/div><!-- \/.job-details-inner --><div class=\"job-listing-meta meta\"><div class=\"job-location location\">\n            <i class=\"la la-map-marker\"><\/i>DAKAR        <\/div>                        <ul class=\"job-types\">                        <li class=\"job-type plein-temps\">\n                            Plein temps                        <\/li>\n                    <\/ul><span class=\"job-published-date date\"><time datetime=\"2023-08-18\">3 ans ago<\/time><\/span><\/div><\/div><!-- \/.job-details --><\/a><\/li>                                    <li class=\"post-660 job_listing type-job_listing status-expired has-post-thumbnail hentry job_listing_type-plein-temps job-type-plein-temps job_position_filled job_position_featured\" data-longitude=\"\" data-latitude=\"\">\n\t<a href=\"https:\/\/senpetrole.com\/?post_type=job_listing&#038;p=660\"><div class=\"job-listing-company-logo\"><img decoding=\"async\" class=\"company_logo\" src=\"https:\/\/senpetrole.com\/wp-content\/uploads\/2018\/07\/telechargement-150x150.png\" alt=\"Petrosen\" \/><\/div><div class=\"job-details\"><div class=\"job-details-inner\"><h3 class=\"job-listing-loop-job__title\">Responsables de d\u00e9p\u00f4t p\u00e9trolier<\/h3><div class=\"job-listing-company company\">\n            <strong>Petrosen<\/strong>                     <\/div><div class=\"job-location location\">\n            <i class=\"la la-map-marker\"><\/i>Dakar <small>(Distant)<\/small>        <\/div><\/div><!-- \/.job-details-inner --><div class=\"job-listing-meta meta\"><div class=\"job-location location\">\n            <i class=\"la la-map-marker\"><\/i>Dakar <small>(Distant)<\/small>        <\/div>                        <ul class=\"job-types\">                        <li class=\"job-type plein-temps\">\n                            Plein temps                        <\/li>\n                    <\/ul><span class=\"job-published-date date\"><time datetime=\"2023-08-08\">3 ans ago<\/time><\/span><\/div><\/div><!-- \/.job-details --><\/a><\/li>                \n                <\/ul>\n\n                \n            <\/div>        <\/div>\n    <\/section>\n    \t\t\t\t<\/div>\n\t\t\t\t<\/div>\n\t\t\t\t\t<\/div>\n\t\t<\/div>\n\t\t\t\t\t<\/div>\n\t\t<\/section>\n\t\t\t\t<\/div>\n\t\t","protected":false},"excerpt":{"rendered":"<p>Ne ratez plus une opportunit\u00e9 Ajouter votre CV \u00e0 notre base de donn\u00e9es et soyez<\/p>\n","protected":false},"author":1,"featured_media":0,"parent":0,"menu_order":0,"comment_status":"closed","ping_status":"closed","template":"","meta":{"_eb_attr":"","footnotes":""},"class_list":["post-1390","page","type-page","status-publish","hentry"],"jetpack_sharing_enabled":true,"_links":{"self":[{"href":"https:\/\/senpetrole.com\/index.php\/wp-json\/wp\/v2\/pages\/1390","targetHints":{"allow":["GET"]}}],"collection":[{"href":"https:\/\/senpetrole.com\/index.php\/wp-json\/wp\/v2\/pages"}],"about":[{"href":"https:\/\/senpetrole.com\/index.php\/wp-json\/wp\/v2\/types\/page"}],"author":[{"embeddable":true,"href":"https:\/\/senpetrole.com\/index.php\/wp-json\/wp\/v2\/users\/1"}],"replies":[{"embeddable":true,"href":"https:\/\/senpetrole.com\/index.php\/wp-json\/wp\/v2\/comments?post=1390"}],"version-history":[{"count":37,"href":"https:\/\/senpetrole.com\/index.php\/wp-json\/wp\/v2\/pages\/1390\/revisions"}],"predecessor-version":[{"id":3118,"href":"https:\/\/senpetrole.com\/index.php\/wp-json\/wp\/v2\/pages\/1390\/revisions\/3118"}],"wp:attachment":[{"href":"https:\/\/senpetrole.com\/index.php\/wp-json\/wp\/v2\/media?parent=1390"}],"curies":[{"name":"wp","href":"https:\/\/api.w.org\/{rel}","templated":true}]}}